{"id":1790,"date":"2023-04-25T07:47:39","date_gmt":"2023-04-25T07:47:39","guid":{"rendered":"https:\/\/www.alfaavukatlik.com.tr\/blog\/"},"modified":"2023-11-04T21:29:21","modified_gmt":"2023-11-04T21:29:21","slug":"blog","status":"publish","type":"page","link":"https:\/\/www.alfaavukatlik.com.tr\/en\/blog\/","title":{"rendered":"Blog"},"content":{"rendered":"\t\t<div data-elementor-type=\"wp-page\" data-elementor-id=\"1790\" class=\"elementor elementor-1790 elementor-454\">\n\t\t\t\t\t\t<section class=\"elementor-section elementor-top-section elementor-element elementor-element-5004b29 elementor-section-boxed elementor-section-height-default elementor-section-height-default wpr-equal-height-no\" data-id=\"5004b29\" data-element_type=\"section\" data-e-type=\"section\">\n\t\t\t\t\t\t<div class=\"elementor-container elementor-column-gap-default\">\n\t\t\t\t\t<div class=\"elementor-column elementor-col-100 elementor-top-column elementor-element elementor-element-91286e4\" data-id=\"91286e4\" data-element_type=\"column\" data-e-type=\"column\">\n\t\t\t<div class=\"elementor-widget-wrap elementor-element-populated\">\n\t\t\t\t\t\t<div class=\"elementor-element elementor-element-3f70981 wpr-grid-columns-1 wpr-grid-columns--tablet2 wpr-grid-columns--mobile1 wpr-item-styles-inner elementor-widget elementor-widget-wpr-grid\" data-id=\"3f70981\" data-element_type=\"widget\" data-e-type=\"widget\" data-widget_type=\"wpr-grid.default\">\n\t\t\t\t<div class=\"elementor-widget-container\">\n\t\t\t\t\t<h2>No Posts Found!<\/h2>\t\t\t\t<\/div>\n\t\t\t\t<\/div>\n\t\t\t\t\t<\/div>\n\t\t<\/div>\n\t\t\t\t\t<\/div>\n\t\t<\/section>\n\t\t\t\t<\/div>\n\t\t","protected":false},"excerpt":{"rendered":"<p>All Post Kamu Hukuku Hukuk Genel Muhdesat\u0131n Aidiyetinin Tespiti Davas\u0131 Eyl\u00fcl 10, 2023\/No Comments Muhdesat\u0131n aidiyetinin tespiti davas\u0131 arazi \u00fczerindeki yap\u0131 veya bitkilerin m\u00fclkiyet hakk\u0131n\u0131n hukuki durumuna dair a\u00e7\u0131lan bir davad\u0131r. \u0130zaleyi \u015fuyu yani\u2026 Devam\u0131n\u0131 Oku Resmi Belgede Sahtecilik Su\u00e7u A\u011fustos 31, 2023\/No Comments Resmi Belgede Sahtecilik Su\u00e7u Resmi belgede sahtecilik su\u00e7u T\u00fcrk Ceza Kanunu\u2019nun 204. maddesinde d\u00fczenlenmi\u015ftir. Bu maddeye g\u00f6re: \u201cBir resmi belgeyi\u2026 Devam\u0131n\u0131 Oku Zimmet Su\u00e7u ve Cezas\u0131 A\u011fustos 21, 2023\/No Comments Kamu g\u00f6revlileri, kendisine verilen veya g\u00f6zetin alt\u0131nda bulundurdu\u011fu mal\u0131 g\u00f6zetmekle y\u00fck\u00fcml\u00fcd\u00fcr. Zimmet su\u00e7u, kamu g\u00f6revlisinin kendisine verilen maldan menfaat elde\u2026 Devam\u0131n\u0131 Oku Kambiyo Senetlerine \u00d6zg\u00fc \u0130cra Takibinde Yetki \u0130tiraz\u0131 A\u011fustos 21, 2023\/No Comments \u0130cra hukukumuzda, kambiyo senetlerine \u00f6zg\u00fc takip yolu \u00f6ng\u00f6r\u00fclm\u00fc\u015ft\u00fcr. Bu takip yolunda bor\u00e7luya g\u00f6nderilen \u00f6deme emrine kar\u015f\u0131 itiraz genel haciz yoluyla\u2026 Devam\u0131n\u0131 Oku \u00c7eke Dayal\u0131 \u0130cra Takibinde Yetki A\u011fustos 18, 2023\/No Comments \u00c7ek, ticari hayatta s\u0131k kullan\u0131lan bir \u00f6deme arac\u0131d\u0131r. \u00c7ekin bankaya ibraz edilmesine ra\u011fmen kar\u015f\u0131l\u0131ks\u0131z \u00e7\u0131kmas\u0131 halinde, \u00e7ek alacakl\u0131s\u0131 icra takibine\u2026 Devam\u0131n\u0131 Oku \u0130\u015f Kazas\u0131 Nedeniyle Tazminat Davas\u0131 A\u011fustos 12, 2023\/No Comments \u0130\u015f kazas\u0131, \u00fclkemizde s\u0131k\u00e7a ya\u015fanan bir olayd\u0131r. Yetersiz tedbirler, i\u015f sa\u011fl\u0131\u011f\u0131 ve g\u00fcvenli\u011fi kurallar\u0131n\u0131n uygulanmamas\u0131 veya i\u015f\u00e7inin ihmali i\u015f kazas\u0131na\u2026 Devam\u0131n\u0131 Oku Ses Kayd\u0131 Almak Su\u00e7 Mudur? Delil Olur Mu? A\u011fustos 10, 2023\/No Comments \u201cSes kayd\u0131 almak su\u00e7 mudur?\u201d konusu, g\u00fcn\u00fcm\u00fczde teknolojinin ilerlemesiyle birlikte s\u0131k\u00e7a sorulan bir soru haline gelmi\u015ftir. Ses kayd\u0131 alman\u0131n kolayla\u015fm\u0131\u015f\u2026 Devam\u0131n\u0131 Oku Y\u00f6netim Plan\u0131 Nedir? A\u011fustos 8, 2023\/No Comments Y\u00f6netim plan\u0131 t\u00fcm kat malikleri taraf\u0131ndan imzalan\u0131p herkesi ba\u011flar. Apartman veya sitelerin y\u00f6netim ve i\u015fleyi\u015fi y\u00f6netim plan\u0131yla belirlenir. Y\u00f6netim Plan\u0131\u2026 Devam\u0131n\u0131 Oku Kullan\u0131lmayan Y\u0131ll\u0131k \u0130zin Yanar M\u0131? A\u011fustos 6, 2023\/No Comments Y\u0131ll\u0131k izin \u00fccreti, belirli \u00e7al\u0131\u015fma s\u00fcrelerini doldurmu\u015f olan i\u015f\u00e7iye tan\u0131nan anayasal bir dinlenme hakk\u0131d\u0131r. \u0130\u015f\u00e7i y\u0131ll\u0131k izin kullanma hakk\u0131ndan vazge\u00e7emez.\u2026 Devam\u0131n\u0131 Oku Y\u0131ll\u0131k \u00dccretli \u0130zin Hakk\u0131 A\u011fustos 6, 2023\/No Comments Y\u0131ll\u0131k \u00fccretli izin hakk\u0131, i\u015f\u00e7i lehine \u00f6ng\u00f6r\u00fclen bir hakt\u0131r. Dinlenme hakk\u0131 \u00e7er\u00e7evesinde i\u015fverenin i\u015f\u00e7iye y\u0131ll\u0131k izin kulland\u0131rmas\u0131 gerekir. Ancak y\u0131ll\u0131k\u2026 Devam\u0131n\u0131 Oku Arsa Pay\u0131n\u0131n D\u00fczeltilmesi Davas\u0131 A\u011fustos 5, 2023\/No Comments Kat M\u00fclkiyeti Kanunu h\u00fck\u00fcmlerine ayk\u0131r\u0131 \u015fekilde d\u00fczenlenen arsa paylar\u0131, bu arsa pay\u0131 \u00fczerinde m\u00fclkiyet sahibi olan ki\u015filerin menfaatlerini zedeleyebilmektedir. Zira\u2026 Devam\u0131n\u0131 Oku Tahliye Taahh\u00fcd\u00fcne Nas\u0131l \u0130tiraz Etmeli A\u011fustos 5, 2023\/No Comments Ev sahipleri, kira s\u00f6zle\u015fmesi yap\u0131l\u0131rken kirac\u0131ya bo\u015f olarak tahliye taahh\u00fcd\u00fc imzalatmaktad\u0131r. Kirac\u0131y\u0131 evden \u00e7\u0131kartmak istediklerinde ise tahliye taahh\u00fcd\u00fcn\u00fc icra takibine\u2026 Devam\u0131n\u0131 Oku E-Devlet\u2019ten Dava Sorgulama A\u011fustos 4, 2023\/No Comments E-Devlet Nedir? Dava Sorgulama Nas\u0131l Yap\u0131l\u0131r? E-Devlet, T\u00fcrkiye Cumhuriyeti vatanda\u015flar\u0131n\u0131n kullanabildi\u011fi, bir\u00e7ok devlet kurumu hizmeti arac\u0131l\u0131\u011f\u0131yla kuruma gitmeden i\u015flem yap\u0131labilen\u2026 Devam\u0131n\u0131 Oku Tahliye Taahh\u00fcd\u00fc Var Kirac\u0131 \u00c7\u0131km\u0131yor A\u011fustos 4, 2023\/No Comments G\u00fcn\u00fcm\u00fczde kirac\u0131lar\u0131 koruyucu yasal d\u00fczenlemeler yap\u0131lmaktad\u0131r. Ev sahipleri ise kira s\u00f6zle\u015fmesi imzalan\u0131rken kirac\u0131n\u0131n imzaland\u0131\u011f\u0131 tahliye taahh\u00fcd\u00fc sayesinde kirac\u0131y\u0131 tahliye etmeye\u2026 Devam\u0131n\u0131 Oku K\u00f6pek Sald\u0131r\u0131s\u0131na U\u011frayan\u0131n Tazminat Hakk\u0131 A\u011fustos 4, 2023\/No Comments K\u00f6pek Sald\u0131r\u0131s\u0131na U\u011frayan\u0131n Tazminat Haklar\u0131 Nelerdir? K\u00f6pek sald\u0131r\u0131s\u0131 sonucu insanlar ciddi \u015fekilde yaralanabilirler. Bu t\u00fcr durumlarda k\u00f6pek sald\u0131r\u0131s\u0131na u\u011frayan ki\u015finin\u2026 Devam\u0131n\u0131 Oku Al\u0131\u015fveri\u015f Merkezine (AVM) Girerken \u00dcst Aramas\u0131 Yap\u0131labilir mi? A\u011fustos 4, 2023\/No Comments Al\u0131\u015fveri\u015f Merkezlerine Girerken \u00dcst Aramas\u0131 Yap\u0131labilir Mi? G\u00fcnl\u00fck ya\u015fant\u0131m\u0131zda al\u0131\u015fveri\u015f merkezleri, bir\u00e7ok farkl\u0131 ma\u011fazan\u0131n ve i\u015fletmenin bulu\u015fma noktas\u0131d\u0131r. T\u00fcrkiyede\u2019de ortak\u2026 Devam\u0131n\u0131 Oku Kooperatif Nedir? Nas\u0131l Kurulur? A\u011fustos 4, 2023\/No Comments Kooperatif Nedir? Nas\u0131l Kurulur? \u015eirketle\u015fmenin ve E-Ticaretin son derece yayg\u0131n oldu\u011fu g\u00fcn\u00fcm\u00fczde bir\u00e7ok ki\u015fi \u201cKooperatif Nedir? Nas\u0131l Kurulur?\u201d sorular\u0131na yan\u0131t\u2026 Devam\u0131n\u0131 Oku Eve Haciz Gelir Mi? Evde Haciz Yap\u0131labilir mi? A\u011fustos 4, 2023\/No Comments Eve Haciz Gelir Mi? Evde Haciz Yap\u0131labilir mi? G\u00fcn\u00fcm\u00fczde bir\u00e7ok ki\u015fi art\u0131k \u201ceve haciz gelir mi?\u201d ve \u201cevde haciz yap\u0131labilir\u2026 Devam\u0131n\u0131 Oku Ko\u015fullu Sal\u0131verilme Nedir? A\u011fustos 4, 2023\/No Comments Ceza hukuku, su\u00e7 i\u015fleyen bireylerin adalet sistemi i\u00e7inde cezaland\u0131r\u0131lmas\u0131n\u0131 ve topluma kazand\u0131r\u0131lmas\u0131n\u0131 sa\u011flayan \u00f6nemli bir alan\u0131 kapsar. Ko\u015fullu sal\u0131verilme, ceza\u2026 Devam\u0131n\u0131 Oku Ev Sahibinin Banka Hesab\u0131n\u0131 Kapatmas\u0131 A\u011fustos 3, 2023\/No Comments Kira davalar\u0131n\u0131n say\u0131s\u0131 g\u00fcn\u00fcm\u00fczde olduk\u00e7a artm\u0131\u015ft\u0131r. \u00d6zellikle kira miktar\u0131 konusunda ev sahibi ve kirac\u0131 anla\u015famamakta, fahi\u015f kira istenmesi nedeniyle uyu\u015fmazl\u0131k\u2026 Devam\u0131n\u0131 Oku Y\u00fcksek Aidata Nas\u0131l \u0130tiraz Edilir? A\u011fustos 2, 2023\/ Fahi\u015f olarak art\u0131r\u0131lan aidata itiraz, g\u00fcn\u00fcm\u00fczde s\u0131k\u00e7a a\u00e7\u0131lan davalardand\u0131r. Geli\u015fen ekonomik ko\u015fullar \u00e7er\u00e7evesinde apartman veya site giderlerinin artmas\u0131, aidat miktar\u0131n\u0131n\u2026 Devam\u0131n\u0131 Oku Araca Yanl\u0131\u015f Akaryak\u0131t Konulmas\u0131 Temmuz 31, 2023\/ 1. Araca Yanl\u0131\u015f Akaryak\u0131t Konulmas\u0131 \u201cArac\u0131ma yanl\u0131\u015f akaryak\u0131t konuldu, ne yapmal\u0131y\u0131m\u201d sorusu s\u0131kl\u0131kla sorulmakta, bu durumda t\u00fcketicinin haklar\u0131n\u0131n neler oldu\u011fu\u2026 Devam\u0131n\u0131 Oku Israrl\u0131 Takip Su\u00e7u Nedir? Temmuz 30, 2023\/ Israrl\u0131 takip su\u00e7u, bir ki\u015finin ba\u015fka bir ki\u015fiye \u0131srarla fiziken takip etme veya ileti\u015fim ara\u00e7lar\u0131 ile temas kurmaya \u00e7al\u0131\u015fmas\u0131 olarak\u2026 Devam\u0131n\u0131 Oku Kira S\u00f6zle\u015fmelerinde Depozito Temmuz 28, 2023\/ 1. Depozito (G\u00fcvence Bedeli) Nedir? Depozito, kira s\u00f6zle\u015fmesinden kaynaklanacak alacaklar\u0131n ve ta\u015f\u0131nmazda meydana gelebilecek zararlar\u0131n teminat alt\u0131na al\u0131nmas\u0131 i\u00e7in kirac\u0131\u2026 Devam\u0131n\u0131 Oku Terk Sebebiyle Bo\u015fanma Davas\u0131 Temmuz 26, 2023\/ 1. T\u00fcrk Medeni Kanunu\u2019na G\u00f6re Terk Nedeniyle Bo\u015fanma Davas\u0131 Terk sebebiyle bo\u015fanma davas\u0131, bo\u015fanma davalar\u0131 aras\u0131nda \u00f6nemli bir yer tutmaktad\u0131r.\u2026 Devam\u0131n\u0131 Oku \u0130flas S\u00fcrecinde Neler Beklenir? Ad\u0131m Ad\u0131m \u0130flas \u0130\u015flemleri Temmuz 20, 2023\/ \u0130flas s\u00fcreci, \u00f6zellikle ilk kez kar\u015f\u0131la\u015fanlar i\u00e7in karma\u015f\u0131k ve stresli olabilir. Bu s\u00fcre\u00e7te neler beklenmesi gerekti\u011fini anlamak, s\u00fcrecin daha az\u2026 Devam\u0131n\u0131 Oku Adli Tatil D\u00f6neminde G\u00f6r\u00fclen \u0130\u015fler (20 Temmuz \u2013 1 Eyl\u00fcl) Temmuz 20, 2023\/ 1. \u0130htiyati tedbir, ihtiyati haciz ve delillerin tespiti gibi ge\u00e7ici hukuki koruma, deniz raporlar\u0131n\u0131n al\u0131nmas\u0131 ve dispe\u00e7\u00e7i (bir avaryada, gemi\u2026 Devam\u0131n\u0131 Oku \u201cKamu G\u00f6revlisi\u201d Nedir, Kime Denir? Temmuz 18, 2023\/ Kamu g\u00f6revlisi, genellikle kamu hizmetlerinin sa\u011flanmas\u0131nda rol alan ki\u015fidir. Bu terim, geni\u015f bir anlamda ele al\u0131nd\u0131\u011f\u0131nda, bir dizi farkl\u0131 i\u015fi\u2026 Devam\u0131n\u0131 Oku Genel \u0130\u015flem \u015eartlar\u0131 (Ko\u015fullar\u0131) Haziran 20, 2023\/ \u0130NCELEME KONUSU KARAR DAVACI: CUMHUR\u0130YET \u00dcN\u0130VERS\u0130TES\u0130 REKT\u00d6RL\u00dc\u011e\u00dc HUKUK M\u00dc\u015eAV\u0130RL\u0130\u011e\u0130 A1 VEK\u0130LLER\u0130: Av. K1, Av. K2 DAVALI: K3 VEK\u0130L\u0130: Av. K4\u2026 Devam\u0131n\u0131 Oku Doktorun Hukuki Sorumlulu\u011fu Haziran 8, 2023\/ Genel Anlam\u0131yla Doktorlar, M\u00fcdahaleler ve Sorumluluklar\u0131 Doktorun Hukuki Sorumlulu\u011fu bahsedilebilmesi i\u00e7in baz\u0131 temel kavramlardan bahsedilmesi gerekmektedir. Ya\u015fam hakk\u0131, ki\u015filer aras\u0131nda\u2026 Devam\u0131n\u0131 Oku Miras\u00e7\u0131s\u0131 Olunan Ta\u015f\u0131nmazda Ev, Sondaj gibi bir Ekleme yapm\u0131\u015fsam ne yapmal\u0131y\u0131m? Nisan 7, 2023\/ Payda\u015fl\u0131k veya ortakl\u0131k durumlar\u0131 genellikle ta\u015f\u0131nmaz mallar\u0131n m\u00fclkiyet haklar\u0131n\u0131 ilgilendiren durumlar olup, bu m\u00fclkiyet haklar\u0131n\u0131n b\u00f6l\u00fcnmesi veya payla\u015f\u0131lmas\u0131 gereken durumlarda\u2026 Devam\u0131n\u0131 Oku<\/p>\n","protected":false},"author":1,"featured_media":1622,"parent":0,"menu_order":0,"comment_status":"closed","ping_status":"closed","template":"","meta":{"_monsterinsights_skip_tracking":false,"_monsterinsights_sitenote_active":false,"_monsterinsights_sitenote_note":"","_monsterinsights_sitenote_category":0,"footnotes":""},"class_list":["post-1790","page","type-page","status-publish","has-post-thumbnail","hentry"],"aioseo_notices":[],"_links":{"self":[{"href":"https:\/\/www.alfaavukatlik.com.tr\/en\/wp-json\/wp\/v2\/pages\/1790","targetHints":{"allow":["GET"]}}],"collection":[{"href":"https:\/\/www.alfaavukatlik.com.tr\/en\/wp-json\/wp\/v2\/pages"}],"about":[{"href":"https:\/\/www.alfaavukatlik.com.tr\/en\/wp-json\/wp\/v2\/types\/page"}],"author":[{"embeddable":true,"href":"https:\/\/www.alfaavukatlik.com.tr\/en\/wp-json\/wp\/v2\/users\/1"}],"replies":[{"embeddable":true,"href":"https:\/\/www.alfaavukatlik.com.tr\/en\/wp-json\/wp\/v2\/comments?post=1790"}],"version-history":[{"count":1,"href":"https:\/\/www.alfaavukatlik.com.tr\/en\/wp-json\/wp\/v2\/pages\/1790\/revisions"}],"predecessor-version":[{"id":1791,"href":"https:\/\/www.alfaavukatlik.com.tr\/en\/wp-json\/wp\/v2\/pages\/1790\/revisions\/1791"}],"wp:featuredmedia":[{"embeddable":true,"href":"https:\/\/www.alfaavukatlik.com.tr\/en\/wp-json\/wp\/v2\/media\/1622"}],"wp:attachment":[{"href":"https:\/\/www.alfaavukatlik.com.tr\/en\/wp-json\/wp\/v2\/media?parent=1790"}],"curies":[{"name":"wp","href":"https:\/\/api.w.org\/{rel}","templated":true}]}}