{"id":1903,"date":"2023-06-01T21:05:43","date_gmt":"2023-06-01T21:05:43","guid":{"rendered":"https:\/\/www.alfaavukatlik.com.tr\/our-specialties\/law-of-domestic-relations\/"},"modified":"2023-11-07T09:42:53","modified_gmt":"2023-11-07T09:42:53","slug":"law-of-domestic-relations","status":"publish","type":"page","link":"https:\/\/www.alfaavukatlik.com.tr\/en\/our-specialties\/law-of-domestic-relations\/","title":{"rendered":"Law Of Domestic Relations"},"content":{"rendered":"\t\t<div data-elementor-type=\"wp-page\" data-elementor-id=\"1903\" class=\"elementor elementor-1903 elementor-653\">\n\t\t\t\t\t\t<section class=\"elementor-section elementor-top-section elementor-element elementor-element-1ddbb4790 elementor-section-content-bottom elementor-section-boxed elementor-section-height-default elementor-section-height-default wpr-equal-height-no\" data-id=\"1ddbb4790\" data-element_type=\"section\" data-e-type=\"section\" data-settings=\"{&quot;background_background&quot;:&quot;classic&quot;}\">\n\t\t\t\t\t\t\t<div class=\"elementor-background-overlay\"><\/div>\n\t\t\t\t\t\t\t<div class=\"elementor-container elementor-column-gap-default\">\n\t\t\t\t\t<div class=\"elementor-column elementor-col-100 elementor-top-column elementor-element elementor-element-7806b813\" data-id=\"7806b813\" data-element_type=\"column\" data-e-type=\"column\">\n\t\t\t<div class=\"elementor-widget-wrap elementor-element-populated\">\n\t\t\t\t\t\t<div class=\"elementor-element elementor-element-643c09e elementor-widget elementor-widget-heading\" data-id=\"643c09e\" data-element_type=\"widget\" data-e-type=\"widget\" data-widget_type=\"heading.default\">\n\t\t\t\t<div class=\"elementor-widget-container\">\n\t\t\t\t\t<h2 class=\"elementor-heading-title elementor-size-default\">Law Of Domestic Relations<\/h2>\t\t\t\t<\/div>\n\t\t\t\t<\/div>\n\t\t\t\t\t<\/div>\n\t\t<\/div>\n\t\t\t\t\t<\/div>\n\t\t<\/section>\n\t\t\t\t<section class=\"elementor-section elementor-top-section elementor-element elementor-element-ae0f9db elementor-reverse-mobile elementor-section-boxed elementor-section-height-default elementor-section-height-default wpr-equal-height-no\" data-id=\"ae0f9db\" data-element_type=\"section\" data-e-type=\"section\">\n\t\t\t\t\t\t<div class=\"elementor-container elementor-column-gap-no\">\n\t\t\t\t\t<div class=\"elementor-column elementor-col-50 elementor-top-column elementor-element elementor-element-5f736c9\" data-id=\"5f736c9\" data-element_type=\"column\" data-e-type=\"column\">\n\t\t\t<div class=\"elementor-widget-wrap\">\n\t\t\t\t\t\t\t<\/div>\n\t\t<\/div>\n\t\t\t\t<div class=\"elementor-column elementor-col-50 elementor-top-column elementor-element elementor-element-cd0d516\" data-id=\"cd0d516\" data-element_type=\"column\" data-e-type=\"column\">\n\t\t\t<div class=\"elementor-widget-wrap elementor-element-populated\">\n\t\t\t\t\t\t<div class=\"elementor-element elementor-element-c64b9c1 elementor-widget elementor-widget-text-editor\" data-id=\"c64b9c1\" data-element_type=\"widget\" data-e-type=\"widget\" data-widget_type=\"text-editor.default\">\n\t\t\t\t<div class=\"elementor-widget-container\">\n\t\t\t\t\t\t\t\t\t<p>Izmir is a region where divorce cases are seen quite intensively in terms of divorce case lawyers. Especially in recent years, the number of divorce cases has increased. As a matter of fact, Ayd\u0131n divorce cases, Manisa divorce cases and Mu\u011fla divorce cases are examined by the Izmir Regional Court of Justice, which is the superior court for divorce cases in Izmir. This situation has created the need for an expert divorce lawyer in Izmir. In addition to Izmir divorce lawyer, Ayd\u0131n divorce lawyer and Mu\u011fla divorce lawyer, the need for divorce lawyers has arisen.<\/p>\n\t\t\t\t\t\t\t\t<\/div>\n\t\t\t\t<\/div>\n\t\t\t\t\t<\/div>\n\t\t<\/div>\n\t\t\t\t\t<\/div>\n\t\t<\/section>\n\t\t\t\t<section class=\"elementor-section elementor-top-section elementor-element elementor-element-4849bb6 elementor-section-boxed elementor-section-height-default elementor-section-height-default wpr-equal-height-no\" data-id=\"4849bb6\" data-element_type=\"section\" data-e-type=\"section\">\n\t\t\t\t\t\t<div class=\"elementor-container elementor-column-gap-no\">\n\t\t\t\t\t<div class=\"elementor-column elementor-col-50 elementor-top-column elementor-element elementor-element-1a58e42\" data-id=\"1a58e42\" data-element_type=\"column\" data-e-type=\"column\">\n\t\t\t<div class=\"elementor-widget-wrap elementor-element-populated\">\n\t\t\t\t\t\t<div class=\"elementor-element elementor-element-2918d7c elementor-widget elementor-widget-text-editor\" data-id=\"2918d7c\" data-element_type=\"widget\" data-e-type=\"widget\" data-widget_type=\"text-editor.default\">\n\t\t\t\t<div class=\"elementor-widget-container\">\n\t\t\t\t\t\t\t\t\t<p><strong>How Should a Good Divorce Lawyer Be?<\/strong><\/p>\n<p>As Izmir divorce lawyers, Attorney Emre \u015eent\u00fcrk and Attorney Berk Kabaa\u011fa\u00e7l\u0131 carry out the divorce case process in an expert, experienced and meticulous manner. The characteristics of a divorce lawyer are good and reliable communication with the client, being available at all times and being able to evaluate the divorce dispute as a whole.<\/p>\n<p>Divorce is a lawsuit that dissolves the family unity and puts an end to the cohabitation of the spouses. The family court rules that it is not possible for the spouses to continue the marriage. For this reason, it is important to have a good lawyer involved in the divorce case.<\/p>\n<p>The question of how the best divorce lawyer should be asked. In order to win the client&#8217;s divorce case, the lawyer must evaluate all the evidence properly and present it before the divorce court. Lawyer Emre \u015eent\u00fcrk and Lawyer Berk Kabaa\u011fa\u00e7l\u0131 Alfa Avukatl\u0131k provides consultancy and attorney services to their clients as Izmir divorce lawyer with their divorce cases they carry out as lawyers.<\/p><\/p>\n\t\t\t\t\t\t\t\t<\/div>\n\t\t\t\t<\/div>\n\t\t\t\t\t<\/div>\n\t\t<\/div>\n\t\t\t\t<div class=\"elementor-column elementor-col-50 elementor-top-column elementor-element elementor-element-a5bc794\" data-id=\"a5bc794\" data-element_type=\"column\" data-e-type=\"column\">\n\t\t\t<div class=\"elementor-widget-wrap\">\n\t\t\t\t\t\t\t<\/div>\n\t\t<\/div>\n\t\t\t\t\t<\/div>\n\t\t<\/section>\n\t\t\t\t<\/div>\n\t\t","protected":false},"excerpt":{"rendered":"<p>Law Of Domestic Relations Izmir Divorce Lawyer Izmir is a region where divorce cases are seen quite intensively in terms of divorce case lawyers. Especially in recent years, the number of divorce cases has increased. As a matter of fact, Ayd\u0131n divorce cases, Manisa divorce cases and Mu\u011fla divorce cases are examined by the Izmir Regional Court of Justice, which is the superior court for divorce cases in Izmir. This situation has created the need for an expert divorce lawyer in Izmir. In addition to Izmir divorce lawyer, Ayd\u0131n divorce lawyer and Mu\u011fla divorce lawyer, the need for divorce lawyers has arisen. Spouses who want to get divorced ask the question of who is the best divorce lawyer in Izmir. For the best divorce lawyer in Izmir, the Izmir divorce lawyer must be an expert and have seen countless divorce cases. All divorce cases in Izmir, Ayd\u0131n, Manisa, Mu\u011fla and U\u015fak are reviewed through appeal by the upper family court in Izmir. For this reason, the client who wants to win the divorce case should work with a divorce lawyer who knows the practices and past decisions of the divorce court in Izmir and is experienced in the decisions of the higher court. The circumstances of each divorce case must be evaluated by the divorce lawyer on a case-by-case basis. On the other hand, in terms of Kar\u015f\u0131yaka divorce lawyer, Bayrakl\u0131 divorce lawyer, Bornova divorce lawyer or Fo\u00e7a divorce lawyer, since their working area also constitutes divorce cases in \u0130zmir, Kar\u015f\u0131yaka divorce case, Bayrakl\u0131 divorce case, Bornova divorce case disputes are carried out by \u0130zmir divorce lawyer. For All Your Questions on Divorce Law: How Should a Good Divorce Lawyer Be? As Izmir divorce lawyers, Attorney Emre \u015eent\u00fcrk and Attorney Berk Kabaa\u011fa\u00e7l\u0131 carry out the divorce case process in an expert, experienced and meticulous manner. The characteristics of a divorce lawyer are good and reliable communication with the client, being available at all times and being able to evaluate the divorce dispute as a whole. Divorce is a lawsuit that dissolves the family unity and puts an end to the cohabitation of the spouses. The family court rules that it is not possible for the spouses to continue the marriage. For this reason, it is important to have a good lawyer involved in the divorce case. The question of how the best divorce lawyer should be asked. In order to win the client&#8217;s divorce case, the lawyer must evaluate all the evidence properly and present it before the divorce court. Lawyer Emre \u015eent\u00fcrk and Lawyer Berk Kabaa\u011fa\u00e7l\u0131 Alfa Avukatl\u0131k provides consultancy and attorney services to their clients as Izmir divorce lawyer with their divorce cases they carry out as lawyers. Importance of Evidence in Divorce Proceedings In order to win a divorce case, the lawyer must collect evidence intensively and meticulously. The most basic evidence in divorce cases is the witness. However, photographs, videos and all other evidence are used as divorce evidence in the divorce case file by the Izmir divorce lawyer. As Izmir divorce lawyer, this process is together with solution partners. . . Read More Which cases are heard in the Family Court? In family courts, not only the divorce case but also other cases related to the divorce case are carried out by the divorce lawyer. Izmir is a region with a high number of divorce cases and other related cases. In this regard, Izmir divorce lawyer provides support in other types of cases&#8230; Read More What is a Contested Divorce Case? A contested divorce case is a case filed by the spouses in case there is no agreement on divorce. The fault of the spouses is important for a contested divorce case. The reasons for divorce lead the spouses to a contested divorce. In the event that the spouses cannot agree on divorce compensation and alimony or cannot agree in front of the divorce lawyer, it becomes inevitable to file a contested divorce case&#8230; Read More Who is the Best Divorce Lawyer in Izmir? There are a number of issues to be considered by the client who wants to conduct a divorce case with the best divorce lawyer in Izmir. The client should pay attention to what the grounds for divorce are and through which evidence these grounds are put forward by the lawyer in the divorce case. The best lawyer in Izmir should be able to transfer such evidence to the Izmir divorce court&#8230;. Read More How Long Do Divorce Cases Take The most frequently asked question about divorce cases is when the divorce case ends or how long the divorce case lasts. Because spouses want the painful divorce process to end as soon as possible. The best divorce lawyer in Izmir should support the spouses in this regard&#8230; Read More What are the Reasons for Divorce? In the divorce case, the Izmir family court decides on divorce according to the fault status of the spouses and the reasons for divorce. The reasons presented to the court by the Izmir divorce lawyer are important in winning the case. Reasons for divorce include:&#8230; Read More<\/p>\n","protected":false},"author":1,"featured_media":1597,"parent":1796,"menu_order":0,"comment_status":"closed","ping_status":"closed","template":"elementor_header_footer","meta":{"_monsterinsights_skip_tracking":false,"_monsterinsights_sitenote_active":false,"_monsterinsights_sitenote_note":"","_monsterinsights_sitenote_category":0,"footnotes":""},"class_list":["post-1903","page","type-page","status-publish","has-post-thumbnail","hentry"],"aioseo_notices":[],"_links":{"self":[{"href":"https:\/\/www.alfaavukatlik.com.tr\/en\/wp-json\/wp\/v2\/pages\/1903","targetHints":{"allow":["GET"]}}],"collection":[{"href":"https:\/\/www.alfaavukatlik.com.tr\/en\/wp-json\/wp\/v2\/pages"}],"about":[{"href":"https:\/\/www.alfaavukatlik.com.tr\/en\/wp-json\/wp\/v2\/types\/page"}],"author":[{"embeddable":true,"href":"https:\/\/www.alfaavukatlik.com.tr\/en\/wp-json\/wp\/v2\/users\/1"}],"replies":[{"embeddable":true,"href":"https:\/\/www.alfaavukatlik.com.tr\/en\/wp-json\/wp\/v2\/comments?post=1903"}],"version-history":[{"count":5,"href":"https:\/\/www.alfaavukatlik.com.tr\/en\/wp-json\/wp\/v2\/pages\/1903\/revisions"}],"predecessor-version":[{"id":2004,"href":"https:\/\/www.alfaavukatlik.com.tr\/en\/wp-json\/wp\/v2\/pages\/1903\/revisions\/2004"}],"up":[{"embeddable":true,"href":"https:\/\/www.alfaavukatlik.com.tr\/en\/wp-json\/wp\/v2\/pages\/1796"}],"wp:featuredmedia":[{"embeddable":true,"href":"https:\/\/www.alfaavukatlik.com.tr\/en\/wp-json\/wp\/v2\/media\/1597"}],"wp:attachment":[{"href":"https:\/\/www.alfaavukatlik.com.tr\/en\/wp-json\/wp\/v2\/media?parent=1903"}],"curies":[{"name":"wp","href":"https:\/\/api.w.org\/{rel}","templated":true}]}}